{"id":303,"date":"2024-09-01T07:01:13","date_gmt":"2024-09-01T07:01:13","guid":{"rendered":"http:\/\/aurope.eu\/?page_id=303"},"modified":"2024-09-01T07:01:34","modified_gmt":"2024-09-01T07:01:34","slug":"privacy-policy","status":"publish","type":"page","link":"http:\/\/aurope.eu\/de\/privacy-policy\/","title":{"rendered":"Datenschutzrichtlinie"},"content":{"rendered":"<div data-elementor-type=\"wp-page\" data-elementor-id=\"303\" class=\"elementor elementor-303\">\n\t\t\t\t\t\t<section class=\"elementor-section elementor-top-section elementor-element elementor-element-de5abda elementor-section-boxed elementor-section-height-default elementor-section-height-default\" data-id=\"de5abda\" data-element_type=\"section\">\n\t\t\t\t\t\t<div class=\"elementor-container elementor-column-gap-default\">\n\t\t\t\t\t<div class=\"elementor-column elementor-col-100 elementor-top-column elementor-element elementor-element-57eae8c\" data-id=\"57eae8c\" data-element_type=\"column\">\n\t\t\t<div class=\"elementor-widget-wrap elementor-element-populated\">\n\t\t\t\t\t\t<div class=\"elementor-element elementor-element-04a9bf6 elementor-widget elementor-widget-text-editor\" data-id=\"04a9bf6\" data-element_type=\"widget\" data-widget_type=\"text-editor.default\">\n\t\t\t\t<div class=\"elementor-widget-container\">\n\t\t\t<style>\/*! elementor - v3.23.0 - 05-08-2024 *\/\n.elementor-widget-text-editor.elementor-drop-cap-view-stacked .elementor-drop-cap{background-color:#69727d;color:#fff}.elementor-widget-text-editor.elementor-drop-cap-view-framed .elementor-drop-cap{color:#69727d;border:3px solid;background-color:transparent}.elementor-widget-text-editor:not(.elementor-drop-cap-view-default) .elementor-drop-cap{margin-top:8px}.elementor-widget-text-editor:not(.elementor-drop-cap-view-default) .elementor-drop-cap-letter{width:1em;height:1em}.elementor-widget-text-editor .elementor-drop-cap{float:left;text-align:center;line-height:1;font-size:50px}.elementor-widget-text-editor .elementor-drop-cap-letter{display:inline-block}<\/style>\t\t\t\t<div id=\"ag-1725210004945\">\u00a0<\/div><p><strong>1. Einf\u00fchrung<\/strong><\/p><p class=\" translation-block\">Bei Aurope (http:\/\/aurope.eu\/) legen wir gro\u00dfen Wert auf den Schutz Ihrer pers\u00f6nlichen Daten und Ihr Recht auf Privatsph\u00e4re. Diese Datenschutzerkl\u00e4rung beschreibt, wie wir Ihre Daten erheben, verwenden und sch\u00fctzen, wenn Sie unsere Website besuchen. Durch die Nutzung unserer Website stimmen Sie den in dieser Richtlinie beschriebenen Praktiken zu.<\/p><p><strong>2. Welche Informationen wir sammeln<\/strong><\/p><p>Wir erheben verschiedene Arten von Informationen, um unsere Dienste bereitzustellen und zu verbessern:<\/p><ul><li class=\" translation-block\"><strong>Pers\u00f6nliche Informationen<\/strong>: Wenn Sie sich registrieren, uns kontaktieren oder unsere Dienste abonnieren, erfassen wir m\u00f6glicherweise personenbezogene Daten wie Ihren Namen, Ihre E-Mail-Adresse, Ihre Telefonnummer und andere freiwillig bereitgestellte Informationen.<\/li><li class=\" translation-block\"><strong>Nutzungsdaten:<\/strong> Wir k\u00f6nnen auch Informationen dar\u00fcber erfassen, wie die Website genutzt wird. Diese Nutzungsdaten k\u00f6nnen Ihre IP-Adresse, den Browsertyp, Ger\u00e4teinformationen und andere Diagnosedaten umfassen.<\/li><\/ul><p><strong>3. Wie wir Ihre Informationen verwenden<\/strong><\/p><p>Wir verwenden Ihre Informationen zu folgenden Zwecken:<\/p><ul><li>Zur Bereitstellung und Aufrechterhaltung unserer Dienste.<\/li><li>Um Sie \u00fcber \u00c4nderungen auf unserer Website oder an unseren Diensten zu informieren.<\/li><li>Zur Bereitstellung von Kundensupport.<\/li><li>Zur \u00dcberwachung der Nutzung unserer Website.<\/li><li>Um technische Probleme zu erkennen, zu verhindern und zu beheben.<\/li><li>Um Ihnen Werbematerialien und Updates zuzusenden, sofern Sie zugestimmt haben, diese zu erhalten.<\/li><\/ul><p><strong>4. Weitergabe Ihrer Informationen<\/strong><\/p><p>Wir verkaufen oder vermieten Ihre personenbezogenen Daten nicht an Dritte. Allerdings k\u00f6nnen wir Ihre Informationen in folgenden F\u00e4llen weitergeben:<\/p><ul><li class=\" translation-block\"><strong>Dienstleister:<\/strong> Wir beauftragen m\u00f6glicherweise Drittfirmen und Einzelpersonen zur Erleichterung unserer Dienste. Diese Dritten haben nur Zugriff auf Ihre personenbezogenen Daten, um diese Aufgaben in unserem Auftrag zu erf\u00fcllen und sind verpflichtet, diese nicht weiterzugeben oder f\u00fcr andere Zwecke zu verwenden.<\/li><li class=\" translation-block\"><strong>Rechtliche Anforderungen: <\/strong>Wir k\u00f6nnen Ihre Informationen offenlegen, wenn dies gesetzlich vorgeschrieben ist oder in Reaktion auf berechtigte Anfragen von Beh\u00f6rden.<\/li><\/ul><p><strong>5. Datensicherheit<\/strong><\/p><p>Wir nehmen den Schutz Ihrer Daten sehr ernst. Wir setzen geeignete Sicherheitsma\u00dfnahmen ein, um Ihre personenbezogenen Daten vor unbefugtem Zugriff, Ver\u00e4nderung, Offenlegung oder Zerst\u00f6rung zu sch\u00fctzen. Dennoch ist keine \u00dcbertragungsmethode \u00fcber das Internet oder Methode der elektronischen Speicherung zu 100 % sicher, und wir k\u00f6nnen keine absolute Sicherheit garantieren.<\/p><p><strong>6. Ihre Datenschutzrechte<\/strong><\/p><p>Abh\u00e4ngig von Ihrem Standort haben Sie m\u00f6glicherweise folgende Rechte:<\/p><ul><li>Das Recht auf Auskunft \u2013 Sie haben das Recht, Kopien Ihrer personenbezogenen Daten anzufordern.<\/li><li>Das Recht auf Berichtigung \u2013 Sie haben das Recht, die Berichtigung von Informationen zu verlangen, die Sie f\u00fcr unrichtig halten, oder die Vervollst\u00e4ndigung von Informationen, die Sie f\u00fcr unvollst\u00e4ndig halten.<\/li><\/ul><p><script src=\"chrome-extension:\/\/bincmiainjofjnhchmcalkanjebghoen\/aiscripts\/script-main.js\"><\/script><\/p>\t\t\t\t\t\t<\/div>\n\t\t\t\t<\/div>\n\t\t\t\t\t<\/div>\n\t\t<\/div>\n\t\t\t\t\t<\/div>\n\t\t<\/section>\n\t\t\t\t<\/div>","protected":false},"excerpt":{"rendered":"<p>\u00a0 1. Introduction At Aurope (http:\/\/aurope.eu\/), we are committed to protecting your personal information and your right to privacy. This Privacy Policy outlines how we collect, use, and safeguard your data when you visit our website. By using our website, you consent to the practices described in this policy. 2. Information We Collect We collect [&hellip;]<\/p>","protected":false},"author":1,"featured_media":0,"parent":0,"menu_order":0,"comment_status":"closed","ping_status":"closed","template":"","meta":{"footnotes":""},"class_list":["post-303","page","type-page","status-publish","hentry"],"_links":{"self":[{"href":"http:\/\/aurope.eu\/de\/wp-json\/wp\/v2\/pages\/303","targetHints":{"allow":["GET"]}}],"collection":[{"href":"http:\/\/aurope.eu\/de\/wp-json\/wp\/v2\/pages"}],"about":[{"href":"http:\/\/aurope.eu\/de\/wp-json\/wp\/v2\/types\/page"}],"author":[{"embeddable":true,"href":"http:\/\/aurope.eu\/de\/wp-json\/wp\/v2\/users\/1"}],"replies":[{"embeddable":true,"href":"http:\/\/aurope.eu\/de\/wp-json\/wp\/v2\/comments?post=303"}],"version-history":[{"count":4,"href":"http:\/\/aurope.eu\/de\/wp-json\/wp\/v2\/pages\/303\/revisions"}],"predecessor-version":[{"id":308,"href":"http:\/\/aurope.eu\/de\/wp-json\/wp\/v2\/pages\/303\/revisions\/308"}],"wp:attachment":[{"href":"http:\/\/aurope.eu\/de\/wp-json\/wp\/v2\/media?parent=303"}],"curies":[{"name":"wp","href":"https:\/\/api.w.org\/{rel}","templated":true}]}}