{"id":309,"date":"2024-09-01T07:02:05","date_gmt":"2024-09-01T07:02:05","guid":{"rendered":"http:\/\/aurope.eu\/?page_id=309"},"modified":"2024-09-01T07:02:56","modified_gmt":"2024-09-01T07:02:56","slug":"terms-and-conditions","status":"publish","type":"page","link":"http:\/\/aurope.eu\/de\/terms-and-conditions\/","title":{"rendered":"Allgemeine Gesch\u00e4ftsbedingungen"},"content":{"rendered":"<div data-elementor-type=\"wp-page\" data-elementor-id=\"309\" class=\"elementor elementor-309\">\n\t\t\t\t\t\t<section class=\"elementor-section elementor-top-section elementor-element elementor-element-52750e7 elementor-section-boxed elementor-section-height-default elementor-section-height-default\" data-id=\"52750e7\" data-element_type=\"section\">\n\t\t\t\t\t\t<div class=\"elementor-container elementor-column-gap-default\">\n\t\t\t\t\t<div class=\"elementor-column elementor-col-100 elementor-top-column elementor-element elementor-element-a1656e8\" data-id=\"a1656e8\" data-element_type=\"column\">\n\t\t\t<div class=\"elementor-widget-wrap elementor-element-populated\">\n\t\t\t\t\t\t<div class=\"elementor-element elementor-element-7bcc229 elementor-widget elementor-widget-text-editor\" data-id=\"7bcc229\" data-element_type=\"widget\" data-widget_type=\"text-editor.default\">\n\t\t\t\t<div class=\"elementor-widget-container\">\n\t\t\t<style>\/*! elementor - v3.23.0 - 05-08-2024 *\/\n.elementor-widget-text-editor.elementor-drop-cap-view-stacked .elementor-drop-cap{background-color:#69727d;color:#fff}.elementor-widget-text-editor.elementor-drop-cap-view-framed .elementor-drop-cap{color:#69727d;border:3px solid;background-color:transparent}.elementor-widget-text-editor:not(.elementor-drop-cap-view-default) .elementor-drop-cap{margin-top:8px}.elementor-widget-text-editor:not(.elementor-drop-cap-view-default) .elementor-drop-cap-letter{width:1em;height:1em}.elementor-widget-text-editor .elementor-drop-cap{float:left;text-align:center;line-height:1;font-size:50px}.elementor-widget-text-editor .elementor-drop-cap-letter{display:inline-block}<\/style>\t\t\t\t<div id=\"ag-1725210072200\">\u00a0<\/div><p><strong>1. Einf\u00fchrung<\/strong><\/p><p class=\" translation-block\">Willkommen bei Aurope (http:\/\/aurope.eu\/). Durch den Zugriff auf oder die Nutzung unserer Website erkl\u00e4ren Sie sich damit einverstanden, diese Allgemeinen Gesch\u00e4ftsbedingungen einzuhalten. Wenn Sie mit einem Teil dieser Bedingungen nicht einverstanden sind, d\u00fcrfen Sie unsere Website nicht nutzen.<\/p><p><strong>2. Nutzung der Website<\/strong><\/p><ul><li class=\" translation-block\"><strong>Berechtigung:<\/strong> Sie m\u00fcssen mindestens 18 Jahre alt sein, um diese Website zu nutzen. Durch die Nutzung unserer Website garantieren Sie, dass Sie vollj\u00e4hrig sind und die Befugnis haben, diese Vereinbarung einzugehen.<\/li><li><strong><strong>Kontoerstellung:<\/strong>M\u00f6glicherweise m\u00fcssen Sie ein Konto erstellen, um bestimmte Dienste nutzen zu k\u00f6nnen. Sie sind daf\u00fcr verantwortlich, die Vertraulichkeit Ihrer Kontoinformationen zu wahren und f\u00fcr alle Aktivit\u00e4ten, die unter Ihrem Konto stattfinden.<\/strong> You may need to create an account to access certain services. You are responsible for maintaining the confidentiality of your account information and for any activities that occur under your account.<\/li><li class=\" translation-block\"><strong>Verbotene Verwendungen:<\/strong> Sie erkl\u00e4ren sich damit einverstanden, die Website nicht f\u00fcr illegale Zwecke zu nutzen oder in einer Weise, die die Website sch\u00e4digen, deaktivieren, \u00fcberlasten oder beeintr\u00e4chtigen k\u00f6nnte. Dies schlie\u00dft den Versuch ein, unbefugten Zugriff auf die Website, deren Server oder mit der Website verbundene Netzwerke zu erlangen.<\/li><\/ul><p><strong>3.Geistiges Eigentum<\/strong><\/p><p>Alle Inhalte auf dieser Website, einschlie\u00dflich Text, Bilder, Grafiken und Software, sind Eigentum von Aurope oder dessen Lizenzgebern und durch geistige Eigentumsgesetze gesch\u00fctzt. Sie d\u00fcrfen die Inhalte ohne vorherige schriftliche Genehmigung von Aurope nicht f\u00fcr kommerzielle Zwecke reproduzieren, verbreiten oder verwenden.<\/p><p><strong>4. Haftungsbeschr\u00e4nkung<\/strong><\/p><p>Aurope haftet nicht f\u00fcr Sch\u00e4den, Verluste oder Kosten, die sich aus der Nutzung der Website oder der bereitgestellten Informationen ergeben. Wir garantieren nicht die Richtigkeit oder Vollst\u00e4ndigkeit von Inhalten oder Diensten.<\/p><p><strong>5. Links zu Drittanbietern<\/strong><\/p><p>Unsere Website kann Links zu Websites Dritter enthalten, die nicht im Besitz oder unter der Kontrolle von Aurope stehen. Wir sind nicht verantwortlich f\u00fcr den Inhalt, die Datenschutzrichtlinien oder Praktiken solcher Websites. Sie erkennen an und erkl\u00e4ren sich damit einverstanden, dass Aurope nicht f\u00fcr Sch\u00e4den oder Verluste haftet, die durch die Nutzung solcher Websites entstehen.<\/p><p><strong>6. K\u00fcndigung<\/strong><\/p><p>Wir behalten uns das Recht vor, Ihren Zugang zur Website nach eigenem Ermessen und ohne Vorank\u00fcndigung aus beliebigen Gr\u00fcnden zu sperren oder zu k\u00fcndigen, einschlie\u00dflich bei Verst\u00f6\u00dfen gegen diese Allgemeinen Gesch\u00e4ftsbedingungen.<\/p><p><strong>7. \u00c4nderungen der Bedingungen<\/strong><\/p><p>Aurope beh\u00e4lt sich das Recht vor, diese Allgemeinen Gesch\u00e4ftsbedingungen jederzeit zu \u00e4ndern. Wir werden Sie \u00fcber \u00c4nderungen informieren, indem wir die aktualisierten Bedingungen auf dieser Seite ver\u00f6ffentlichen. Ihre fortgesetzte Nutzung der Website nach solchen \u00c4nderungen gilt als Zustimmung zu den neuen Bedingungen.<\/p><p><strong>8. Anwendbares Recht<\/strong><\/p><p>Diese Allgemeinen Gesch\u00e4ftsbedingungen unterliegen den Gesetzen von [Rechtsraum einf\u00fcgen] und werden in \u00dcbereinstimmung mit diesen ausgelegt. Alle Streitigkeiten, die sich aus diesen Bedingungen ergeben, unterliegen der ausschlie\u00dflichen Zust\u00e4ndigkeit der Gerichte von [Rechtsraum einf\u00fcgen].<\/p><p><strong>9. Kontakt<\/strong><\/p><p>Wenn Sie Fragen oder Bedenken zu diesen Allgemeinen Gesch\u00e4ftsbedingungen haben, kontaktieren Sie uns bitte unter [Kontaktinformationen einf\u00fcgen].\u00a0<\/p><p><script src=\"chrome-extension:\/\/bincmiainjofjnhchmcalkanjebghoen\/aiscripts\/script-main.js\"><\/script><\/p>\t\t\t\t\t\t<\/div>\n\t\t\t\t<\/div>\n\t\t\t\t\t<\/div>\n\t\t<\/div>\n\t\t\t\t\t<\/div>\n\t\t<\/section>\n\t\t\t\t<\/div>","protected":false},"excerpt":{"rendered":"<p>\u00a0 1. Introduction Welcome to Aurope (http:\/\/aurope.eu\/). By accessing or using our website, you agree to comply with and be bound by these Terms and Conditions. If you do not agree with any part of these terms, you must not use our website. 2. Use of the Website Eligibility: You must be at least 18 [&hellip;]<\/p>","protected":false},"author":1,"featured_media":0,"parent":0,"menu_order":0,"comment_status":"closed","ping_status":"closed","template":"","meta":{"footnotes":""},"class_list":["post-309","page","type-page","status-publish","hentry"],"_links":{"self":[{"href":"http:\/\/aurope.eu\/de\/wp-json\/wp\/v2\/pages\/309","targetHints":{"allow":["GET"]}}],"collection":[{"href":"http:\/\/aurope.eu\/de\/wp-json\/wp\/v2\/pages"}],"about":[{"href":"http:\/\/aurope.eu\/de\/wp-json\/wp\/v2\/types\/page"}],"author":[{"embeddable":true,"href":"http:\/\/aurope.eu\/de\/wp-json\/wp\/v2\/users\/1"}],"replies":[{"embeddable":true,"href":"http:\/\/aurope.eu\/de\/wp-json\/wp\/v2\/comments?post=309"}],"version-history":[{"count":4,"href":"http:\/\/aurope.eu\/de\/wp-json\/wp\/v2\/pages\/309\/revisions"}],"predecessor-version":[{"id":314,"href":"http:\/\/aurope.eu\/de\/wp-json\/wp\/v2\/pages\/309\/revisions\/314"}],"wp:attachment":[{"href":"http:\/\/aurope.eu\/de\/wp-json\/wp\/v2\/media?parent=309"}],"curies":[{"name":"wp","href":"https:\/\/api.w.org\/{rel}","templated":true}]}}