{"id":315,"date":"2024-09-01T07:03:53","date_gmt":"2024-09-01T07:03:53","guid":{"rendered":"http:\/\/aurope.eu\/?page_id=315"},"modified":"2024-09-01T07:04:23","modified_gmt":"2024-09-01T07:04:23","slug":"imprint","status":"publish","type":"page","link":"http:\/\/aurope.eu\/de\/imprint\/","title":{"rendered":"Imprint"},"content":{"rendered":"<div data-elementor-type=\"wp-page\" data-elementor-id=\"315\" class=\"elementor elementor-315\">\n\t\t\t\t\t\t<section class=\"elementor-section elementor-top-section elementor-element elementor-element-81fa577 elementor-section-boxed elementor-section-height-default elementor-section-height-default\" data-id=\"81fa577\" data-element_type=\"section\">\n\t\t\t\t\t\t<div class=\"elementor-container elementor-column-gap-default\">\n\t\t\t\t\t<div class=\"elementor-column elementor-col-100 elementor-top-column elementor-element elementor-element-82bfc37\" data-id=\"82bfc37\" data-element_type=\"column\">\n\t\t\t<div class=\"elementor-widget-wrap elementor-element-populated\">\n\t\t\t\t\t\t<div class=\"elementor-element elementor-element-5b005d0 elementor-widget elementor-widget-text-editor\" data-id=\"5b005d0\" data-element_type=\"widget\" data-widget_type=\"text-editor.default\">\n\t\t\t\t<div class=\"elementor-widget-container\">\n\t\t\t<style>\/*! elementor - v3.23.0 - 05-08-2024 *\/\n.elementor-widget-text-editor.elementor-drop-cap-view-stacked .elementor-drop-cap{background-color:#69727d;color:#fff}.elementor-widget-text-editor.elementor-drop-cap-view-framed .elementor-drop-cap{color:#69727d;border:3px solid;background-color:transparent}.elementor-widget-text-editor:not(.elementor-drop-cap-view-default) .elementor-drop-cap{margin-top:8px}.elementor-widget-text-editor:not(.elementor-drop-cap-view-default) .elementor-drop-cap-letter{width:1em;height:1em}.elementor-widget-text-editor .elementor-drop-cap{float:left;text-align:center;line-height:1;font-size:50px}.elementor-widget-text-editor .elementor-drop-cap-letter{display:inline-block}<\/style>\t\t\t\t<div id=\"ag-1725210175910\">\u00a0<\/div><p><strong>Aurope GmbH<\/strong><\/p><p><strong>Adresse:<\/strong> Franz-Joseph-Stra\u00dfe 11,<br \/>80801 M\u00fcnchen,<br \/>Deutschland<\/p><p><strong>Telefon<\/strong><br \/>+49 152 2839 2116<\/p><p><strong>Email:<\/strong><br \/>info@Aurope.eu<\/p><p><strong>Gesch\u00e4ftsf\u00fchrer<\/strong><br \/>Mahmoud Moeit<\/p><p><strong>Handelsregister<\/strong><br \/>Eingetragen im Handelsregister von M\u00fcnchen<br \/>Registernummer: HRB 134440<\/p><p><strong>Steuernummer <\/strong><\/p><p>143\/116\/52134<\/p><p><strong>Umsatzsteuer-Identifikationsnummer:<\/strong><br \/>DE 367620718<\/p><p><strong>Verantwortlich f\u00fcr den Inhalt nach \u00a7 55 Abs. 2 RStV:<\/strong><br \/>Mahmoud Moeit<\/p><p>Franz-Joseph-Stra\u00dfe 11,<br \/>80801 M\u00fcnchen,<br \/>Deutschland<\/p><p><strong>Haftungsausschluss<\/strong><\/p><p><strong>Haftung f\u00fcr Inhalte:<\/strong><br \/>Als Diensteanbieter sind wir gem\u00e4\u00df \u00a7 7 Abs.1 TMG f\u00fcr eigene Inhalte auf diesen Seiten nach den allgemeinen Gesetzen verantwortlich. Nach \u00a7\u00a7 8 bis 10 TMG sind wir jedoch nicht verpflichtet, \u00fcbermittelte oder gespeicherte fremde Informationen zu \u00fcberwachen oder nach Umst\u00e4nden zu forschen, die auf eine rechtswidrige T\u00e4tigkeit hinweisen. Verpflichtungen zur Entfernung oder Sperrung der Nutzung von Informationen nach den allgemeinen Gesetzen bleiben hiervon unber\u00fchrt. Eine diesbez\u00fcgliche Haftung ist jedoch erst ab dem Zeitpunkt der Kenntnis einer konkreten Rechtsverletzung m\u00f6glich. Bei Bekanntwerden von entsprechenden Rechtsverletzungen werden wir diese Inhalte umgehend entfernen.<\/p><p><strong>Haftung f\u00fcr Links:<\/strong><br \/>Unser Angebot enth\u00e4lt Links zu externen Websites Dritter, auf deren Inhalte wir keinen Einfluss haben. Deshalb k\u00f6nnen wir f\u00fcr diese fremden Inhalte auch keine Gew\u00e4hr \u00fcbernehmen. F\u00fcr die Inhalte der verlinkten Seiten ist stets der jeweilige Anbieter oder Betreiber der Seiten verantwortlich. Die verlinkten Seiten wurden zum Zeitpunkt der Verlinkung auf m\u00f6gliche Rechtsverst\u00f6\u00dfe \u00fcberpr\u00fcft. Rechtswidrige Inhalte waren zum Zeitpunkt der Verlinkung nicht erkennbar. Eine permanente inhaltliche Kontrolle der verlinkten Seiten ist jedoch ohne konkrete Anhaltspunkte einer Rechtsverletzung nicht zumutbar. Bei Bekanntwerden von Rechtsverletzungen werden wir derartige Links umgehend entfernen.<\/p><p><strong>Urheberrecht<\/strong><br \/>Die durch die Seitenbetreiber erstellten Inhalte und Werke auf diesen Seiten unterliegen dem deutschen Urheberrecht. Die Vervielf\u00e4ltigung, Bearbeitung, Verbreitung und jede Art der Verwertung au\u00dferhalb der Grenzen des Urheberrechts bed\u00fcrfen der schriftlichen Zustimmung des jeweiligen Autors bzw. Erstellers. Downloads und Kopien dieser Seite sind nur f\u00fcr den privaten, nicht kommerziellen Gebrauch gestattet. Soweit die Inhalte auf dieser Seite nicht vom Betreiber erstellt wurden, werden die Urheberrechte Dritter beachtet. Insbesondere werden Inhalte Dritter als solche gekennzeichnet. Sollten Sie trotzdem auf eine Urheberrechtsverletzung aufmerksam werden, bitten wir um einen entsprechenden Hinweis. Bei Bekanntwerden von Rechtsverletzungen werden wir derartige Inhalte umgehend entfernen.<\/p><p><strong>Streitbeilegung<\/strong><br \/>Die Europ\u00e4ische Kommission stellt eine Plattform zur Online-Streitbeilegung (OS) bereit: https:\/\/ec.europa.eu\/consumers\/odr. Unsere E-Mail-Adresse finden Sie oben im Impressum. Wir sind nicht bereit oder verpflichtet, an Streitbeilegungsverfahren vor einer Verbraucherschlichtungsstelle teilzunehmen. <a href=\"https:\/\/ec.europa.eu\/consumers\/odr\">https:\/\/ec.europa.eu\/consumers\/odr<\/a>. Our email address can be found above in the Imprint. We are not willing or obliged to participate in dispute resolution proceedings before a consumer arbitration board.<\/p><p><strong>Kontaktieren Sie uns<\/strong><\/p><p>Falls Sie Fragen oder Bedenken bez\u00fcglich dieses Impressums haben, kontaktieren Sie uns bitte unter:<\/p><p><strong>Aurope GmbH<\/strong><br \/>Franz-Joseph-Stra\u00dfe 11,<br \/>80801 M\u00fcnchen,<br \/>Deutschland<br \/><strong>Email:<\/strong> info@Aurope.de<br \/><strong>Tel:<\/strong> +49 152 2839 2116<\/p><p><script src=\"chrome-extension:\/\/bincmiainjofjnhchmcalkanjebghoen\/aiscripts\/script-main.js\"><\/script><\/p>\t\t\t\t\t\t<\/div>\n\t\t\t\t<\/div>\n\t\t\t\t\t<\/div>\n\t\t<\/div>\n\t\t\t\t\t<\/div>\n\t\t<\/section>\n\t\t\t\t<\/div>","protected":false},"excerpt":{"rendered":"<p>\u00a0 Aurope GmbH Address: Franz-Joseph-Stra\u00dfe 11,80801 M\u00fcnchen,Germany Telephone:+49 152 2839 2116 Email:info@Aurope.eu Managing Director:Mahmoud Moeit Commercial Register:Registered in the Commercial Register of MunichRegister Number: HRB 134440 General Tax ID number: 143\/116\/52134 VAT Identification Number:DE 367620718 Responsible for Content According to \u00a7 55 Abs. 2 RStV:Mahmoud Moeit Franz-Joseph-Stra\u00dfe 11,80801 M\u00fcnchen,Germany Disclaimer Liability for Content:As service providers, [&hellip;]<\/p>","protected":false},"author":1,"featured_media":0,"parent":0,"menu_order":0,"comment_status":"closed","ping_status":"closed","template":"","meta":{"footnotes":""},"class_list":["post-315","page","type-page","status-publish","hentry"],"_links":{"self":[{"href":"http:\/\/aurope.eu\/de\/wp-json\/wp\/v2\/pages\/315","targetHints":{"allow":["GET"]}}],"collection":[{"href":"http:\/\/aurope.eu\/de\/wp-json\/wp\/v2\/pages"}],"about":[{"href":"http:\/\/aurope.eu\/de\/wp-json\/wp\/v2\/types\/page"}],"author":[{"embeddable":true,"href":"http:\/\/aurope.eu\/de\/wp-json\/wp\/v2\/users\/1"}],"replies":[{"embeddable":true,"href":"http:\/\/aurope.eu\/de\/wp-json\/wp\/v2\/comments?post=315"}],"version-history":[{"count":4,"href":"http:\/\/aurope.eu\/de\/wp-json\/wp\/v2\/pages\/315\/revisions"}],"predecessor-version":[{"id":320,"href":"http:\/\/aurope.eu\/de\/wp-json\/wp\/v2\/pages\/315\/revisions\/320"}],"wp:attachment":[{"href":"http:\/\/aurope.eu\/de\/wp-json\/wp\/v2\/media?parent=315"}],"curies":[{"name":"wp","href":"https:\/\/api.w.org\/{rel}","templated":true}]}}